{"id":2,"date":"2014-05-18T10:32:02","date_gmt":"2014-05-18T08:32:02","guid":{"rendered":"http:\/\/svengielukka.com\/elukkanet\/?page_id=2"},"modified":"2020-02-02T12:10:42","modified_gmt":"2020-02-02T10:10:42","slug":"etusivu","status":"publish","type":"page","link":"http:\/\/svengielukka.com\/elukkanet\/","title":{"rendered":"Tervetuloa!"},"content":{"rendered":"<p>T:mi Svengielukka on pieni mutta monipuolinen musiikkialan yritys. Yritys on perustettu 2007 ja sen kotipaikka on Tampere.<\/p>\n<p>Palveluvalikoimaamme kuuluu:<br \/>\n&#8211; soitonopetus (mm. kitara ja basso)<br \/>\n&#8211; ohjelmapalvelut: esiintyj\u00e4t, juontajat<br \/>\n&#8211; \u00e4\u00e4nentoistopalvelut<br \/>\n&#8211; audiotuotanto<br \/>\n&#8211; koulutuspalvelut: kurssit, opetusmateriaalit ja workshopit<\/p>\n<p>Tutustu ja ota rohkeasti yhteytt\u00e4, keikoilla n\u00e4hd\u00e4\u00e4n!<\/p>\n<p><a href=\"http:\/\/svengielukka.com\/elukkanet\/wp-content\/uploads\/2014\/05\/pianokulmat.png\"><img loading=\"lazy\" decoding=\"async\" class=\"alignnone size-medium wp-image-18\" src=\"http:\/\/svengielukka.com\/elukkanet\/wp-content\/uploads\/2014\/05\/pianokulmat-300x204.png\" alt=\"pianokulmat\" width=\"300\" height=\"204\" srcset=\"http:\/\/svengielukka.com\/elukkanet\/wp-content\/uploads\/2014\/05\/pianokulmat-300x204.png 300w, http:\/\/svengielukka.com\/elukkanet\/wp-content\/uploads\/2014\/05\/pianokulmat.png 385w\" sizes=\"auto, (max-width: 300px) 100vw, 300px\" \/><\/a><\/p>\n","protected":false},"excerpt":{"rendered":"<p>T:mi Svengielukka on pieni mutta monipuolinen musiikkialan yritys. Yritys on perustettu 2007 ja sen kotipaikka on Tampere. Palveluvalikoimaamme kuuluu: &#8211; soitonopetus (mm. kitara ja basso) &#8211; ohjelmapalvelut: esiintyj\u00e4t, juontajat &#8211; \u00e4\u00e4nentoistopalvelut &#8211; audiotuotanto &#8211; koulutuspalvelut: kurssit, opetusmateriaalit ja workshopit Tutustu ja ota rohkeasti yhteytt\u00e4, keikoilla n\u00e4hd\u00e4\u00e4n!<\/p>\n","protected":false},"author":1,"featured_media":0,"parent":0,"menu_order":0,"comment_status":"closed","ping_status":"closed","template":"","meta":{"footnotes":""},"class_list":["post-2","page","type-page","status-publish","hentry"],"_links":{"self":[{"href":"http:\/\/svengielukka.com\/elukkanet\/index.php?rest_route=\/wp\/v2\/pages\/2","targetHints":{"allow":["GET"]}}],"collection":[{"href":"http:\/\/svengielukka.com\/elukkanet\/index.php?rest_route=\/wp\/v2\/pages"}],"about":[{"href":"http:\/\/svengielukka.com\/elukkanet\/index.php?rest_route=\/wp\/v2\/types\/page"}],"author":[{"embeddable":true,"href":"http:\/\/svengielukka.com\/elukkanet\/index.php?rest_route=\/wp\/v2\/users\/1"}],"replies":[{"embeddable":true,"href":"http:\/\/svengielukka.com\/elukkanet\/index.php?rest_route=%2Fwp%2Fv2%2Fcomments&post=2"}],"version-history":[{"count":4,"href":"http:\/\/svengielukka.com\/elukkanet\/index.php?rest_route=\/wp\/v2\/pages\/2\/revisions"}],"predecessor-version":[{"id":60,"href":"http:\/\/svengielukka.com\/elukkanet\/index.php?rest_route=\/wp\/v2\/pages\/2\/revisions\/60"}],"wp:attachment":[{"href":"http:\/\/svengielukka.com\/elukkanet\/index.php?rest_route=%2Fwp%2Fv2%2Fmedia&parent=2"}],"curies":[{"name":"wp","href":"https:\/\/api.w.org\/{rel}","templated":true}]}}