{"id":27,"date":"2014-05-19T23:10:02","date_gmt":"2014-05-19T21:10:02","guid":{"rendered":"http:\/\/svengielukka.com\/elukkanet\/?page_id=27"},"modified":"2024-02-27T19:45:23","modified_gmt":"2024-02-27T17:45:23","slug":"artistit","status":"publish","type":"page","link":"http:\/\/svengielukka.com\/elukkanet\/?page_id=27","title":{"rendered":"Artistit"},"content":{"rendered":"\n<h2 class=\"wp-block-heading\">Surffilautakunta<\/h2>\n\n\n\n<p><strong>Surffilautakunta <\/strong>on nelihenkinen, Orivedelt\u00e4 k\u00e4sin operoiva surf-musiikkiin erikoistunut yhtye. Yhtye on koottu kitaristi-laulaja-songwriter <strong>Sami Kainulaisen <\/strong>s\u00e4vellysten ymp\u00e4rille. Keskeisen\u00e4 ajatuksena on pit\u00e4\u00e4 kiinni instrumentaalirockin ja erityisesti surf-musiikin perinteest\u00e4, mutta samalla suunnata ennakkoluulottomasti eteenp\u00e4in.<\/p>\n\n\n\n<p><img loading=\"lazy\" decoding=\"async\" src=\"https:\/\/lh7-us.googleusercontent.com\/V7fnzN8bZ-9yIqdKfzozphin0VWQ-QIN1bMeBBLkSCcoIz47RvHYwQXSXMJBHvp8Eg5ECWMWW71DPpuItD2IKpYLQXQqAyJT6nqfLwqKmRIcF7zHAIGZRplb6ZT_JmRWRmNfEp7QZm-XEAPZRzgOtbk\" width=\"668\" height=\"376\"><\/p>\n\n\n\n<p>Omien kappaleiden ohella yhtyeen ohjelmisto syv\u00e4luotaa instrumentaalirockin ja surf-musiikin historiaa; vakiohjelmistoon kuuluu huolella valikoitu kourallinen klassikkokappaleita aina instrumentaalirockin pioneereista Dwayne Eddysta ja Dick Dalesta Beach Boysin ja the Venturesin kautta retrosurf-yhtye The Torquaysin tuotantoon. Yhtyeen keikkaohjelmisto onkin viihdytt\u00e4v\u00e4 ja hyv\u00e4ntuulinen, mutta samalla jopa musiikillisesti yleissivist\u00e4v\u00e4 katsaus surf-musiikkiin l\u00e4pi vuosikymmenten.&nbsp;&nbsp;<\/p>\n\n\n\n<p>Yhtyeen kokoonpano:<br><strong>Sami Kainulainen<\/strong>, kitara ja laulu<br><strong>Sakari Sepp\u00e4l\u00e4<\/strong>, saksofoni, laulu ja kitara<br><strong>Jussi Valve<\/strong>, basso ja laulu<br><strong>Antti Nieminen<\/strong>, rummut<\/p>\n\n\n\n<p>Tutustu b\u00e4ndiin ja ohjelmistoon Facebookissa, tykk\u00e4\u00e4 ja seuraa!<br><a href=\"http:\/\/www.facebook.com\/surffilautakunta\">www.facebook.com\/surffilautakunta<\/a><\/p>\n\n\n\n<h2 class=\"wp-block-heading\">X-Tartuntavaara<\/h2>\n\n\n\n<p>Nykyisell\u00e4 kokoonpanollaan vuonna 2021 aloittanut, Orivesi\/Tampere -akselilla vaikuttava suoraselk\u00e4ist\u00e4 perinteist\u00e4 punkkia moderneilla vivahteilla puskeva nelij\u00e4seninen pumppu, joka omaa vaikutteita my\u00f6s raskaammasta musiikista. Alunperin Tartuntavaara- nimell\u00e4 kulkenut b\u00e4ndi on perustettu 80-luvun lopulla, kitaristi Pasihannu Immosen toimesta.<\/p>\n\n\n\n<p>Yhtyeess\u00e4 on kaikkiaan nelj\u00e4 basistia, joista lavalla bassojen varsissa n\u00e4hd\u00e4\u00e4n puolet. Vaikka b\u00e4ndi on viel\u00e4 melko tuore, on yhteissoitto hioutunut uomiinsa yhteens\u00e4 yli satavuotisen soittokokemuksen my\u00f6t\u00e4.<\/p>\n\n\n\n<p>B\u00e4ndi ty\u00f6st\u00e4\u00e4 uutta materiaalia, keikoilla esitett\u00e4v\u00e4t biisit ovat omia joitain poikkeuksia lukuunottamatta.<\/p>\n\n\n\n<p>X-Tartuntavaara live@V\u00e4libaari, Lemp\u00e4\u00e4l\u00e4<\/p>\n\n\n\n<figure class=\"wp-block-embed is-type-video is-provider-youtube wp-block-embed-youtube wp-embed-aspect-16-9 wp-has-aspect-ratio\"><div class=\"wp-block-embed__wrapper\">\n<iframe loading=\"lazy\" title=\"X-Tartuntavaara --- 29.7.2023 V\u00e4libaari, Lemp\u00e4\u00e4l\u00e4\" width=\"625\" height=\"352\" src=\"https:\/\/www.youtube.com\/embed\/DvNsU79xGhs?feature=oembed\" frameborder=\"0\" allow=\"accelerometer; autoplay; clipboard-write; encrypted-media; gyroscope; picture-in-picture; web-share\" referrerpolicy=\"strict-origin-when-cross-origin\" allowfullscreen><\/iframe>\n<\/div><\/figure>\n\n\n\n<p>Yhteystiedot:<br>Puhelinnumero: +358 46 5516405<br>Instagram: <a href=\"https:\/\/instagram.com\/xtartuntavaara?igshid=OGQ5ZDc2ODk2ZA==\">https:\/\/instagram.com\/xtartuntavaara?igshid=OGQ5ZDc2ODk2ZA==<\/a><br>N1music: <a href=\"https:\/\/www.n1m.com\/XTartuntavaara\">https:\/\/www.n1m.com\/XTartuntavaara<\/a><br>Facebook: <a href=\"https:\/\/m.facebook.com\/groups\/puknsnotdead\/?ref=share\">https:\/\/m.facebook.com\/groups\/puknsnotdead\/?ref=share<\/a><\/p>\n\n\n\n<p><\/p>\n\n\n\n<figure class=\"wp-block-image size-large\"><img loading=\"lazy\" decoding=\"async\" width=\"960\" height=\"540\" src=\"http:\/\/svengielukka.com\/elukkanet\/wp-content\/uploads\/2020\/02\/TheShaftedKuva.jpg\" alt=\"The Shafted\" class=\"wp-image-75\" srcset=\"http:\/\/svengielukka.com\/elukkanet\/wp-content\/uploads\/2020\/02\/TheShaftedKuva.jpg 960w, http:\/\/svengielukka.com\/elukkanet\/wp-content\/uploads\/2020\/02\/TheShaftedKuva-300x169.jpg 300w, http:\/\/svengielukka.com\/elukkanet\/wp-content\/uploads\/2020\/02\/TheShaftedKuva-768x432.jpg 768w, http:\/\/svengielukka.com\/elukkanet\/wp-content\/uploads\/2020\/02\/TheShaftedKuva-624x351.jpg 624w\" sizes=\"auto, (max-width: 960px) 100vw, 960px\" \/><figcaption class=\"wp-element-caption\">Ready to rock!<\/figcaption><\/figure>\n\n\n\n<h2 class=\"wp-block-heading\"><strong>The Shafted<\/strong><\/h2>\n\n\n\n<p>The Shafted on nelihenkinen rockyhtye Tampereelta. Musiikkimme on mukava yhdistelm\u00e4 suoraviivaista rockenergiaa ja southern rock -tyylist\u00e4 riffittely\u00e4 maustettuna ripauksilla progea ja hyv\u00e4ntuulista huumoria. <br>Tsekkaa the Shafted <a href=\"https:\/\/www.youtube.com\/channel\/UCfwb_xBBXHErGdZAHP6WzXQ\">YouTubessa<\/a>, <a href=\"https:\/\/www.facebook.com\/theshaftedofficial\/\">Facessa<\/a> ja <a href=\"https:\/\/open.spotify.com\/artist\/6ho0ZW2DaqvPXjf0aXuIhj?si=FvNefiiiQBqNvmPhmGAq9A\">Spotifyssa<\/a>!<\/p>\n\n\n\n<p><strong>Arno&#8217;s Jazz Garage<\/strong><br>Nelihenkinen jazzyhtyeemme hoitaa tyylill\u00e4 yht\u00e4lailla hillityn edustustilaisuuden soivan taustan kuin hikisen klubikeikankin. Ohjelmistomme koostuu huolella valituista standardeista vuosikymmenten varrelta, mukaan mahtuu aina jotakin my\u00f6s tilaajan toivomusten mukaan. <\/p>\n\n\n<div class=\"wp-block-image\">\n<figure class=\"aligncenter\"><a href=\"http:\/\/svengielukka.com\/elukkanet\/wp-content\/uploads\/2020\/02\/SK_bw.jpg\"><img loading=\"lazy\" decoding=\"async\" width=\"264\" height=\"300\" src=\"http:\/\/svengielukka.com\/elukkanet\/wp-content\/uploads\/2020\/02\/SK_bw.jpg\" alt=\"Sami ja kitara\" class=\"wp-image-73\"\/><\/a><\/figure>\n<\/div>\n\n\n<p><strong>Trubaduuri Sami Kainulainen<br><\/strong>esitt\u00e4\u00e4 kitaroineen muun muassa irlantilaisia lauluja. Ohjelmistosta l\u00f6ytyy tilanteen mukaan my\u00f6s juomalauluja, Suomi-rockia ja muuta yleis\u00f6\u00f6n mukavasti menev\u00e4\u00e4 materiaalia. Kevyt ja kustannustehokas yhden miehen show pienemp\u00e4\u00e4nkin tilaisuuteen!<\/p>\n\n\n\n<p><strong>Duo Jig&#8217;n&#8217;Reel<br><\/strong>Vauhdikas kansanmusiikkikaksikko, p\u00e4\u00e4asiassa irkkuteemalla mutta muutakin toki ohjelmistostamme l\u00f6ytyy. &nbsp;Helposti roudattava, iskukykyinen tehopartio sopivaan pakettihintaan!<\/p>\n\n\n\n<p><strong>Panorama Band<br><\/strong>Musiikin monipuolisista ammattilaisista koostuva monitoimikone hoitelee h\u00e4\u00e4t, syntt\u00e4rit ja firmajuhlat tyylill\u00e4 ja tanssijalkaa mukavasti kutkutellen. Laaja ohjelmistomme vaihtelee perinteisest\u00e4 tanssi- ja iskelm\u00e4musiikista vekkulisti svengaavaan jazziin ja edelleen katu-uskottavaan rockv\u00e4\u00e4nt\u00f6\u00f6n. T\u00e4t\u00e4 lis\u00e4\u00e4, sanoo yleis\u00f6!<\/p>\n\n\n\n<p><br><\/p>\n","protected":false},"excerpt":{"rendered":"<p>Surffilautakunta Surffilautakunta on nelihenkinen, Orivedelt\u00e4 k\u00e4sin operoiva surf-musiikkiin erikoistunut yhtye. Yhtye on koottu kitaristi-laulaja-songwriter Sami Kainulaisen s\u00e4vellysten ymp\u00e4rille. Keskeisen\u00e4 ajatuksena on pit\u00e4\u00e4 kiinni instrumentaalirockin ja erityisesti surf-musiikin perinteest\u00e4, mutta samalla suunnata ennakkoluulottomasti eteenp\u00e4in. Omien kappaleiden ohella yhtyeen ohjelmisto syv\u00e4luotaa instrumentaalirockin ja surf-musiikin historiaa; vakiohjelmistoon kuuluu huolella valikoitu kourallinen klassikkokappaleita aina instrumentaalirockin pioneereista Dwayne Eddysta ja [&hellip;]<\/p>\n","protected":false},"author":1,"featured_media":0,"parent":0,"menu_order":0,"comment_status":"closed","ping_status":"open","template":"","meta":{"footnotes":""},"class_list":["post-27","page","type-page","status-publish","hentry"],"_links":{"self":[{"href":"http:\/\/svengielukka.com\/elukkanet\/index.php?rest_route=\/wp\/v2\/pages\/27","targetHints":{"allow":["GET"]}}],"collection":[{"href":"http:\/\/svengielukka.com\/elukkanet\/index.php?rest_route=\/wp\/v2\/pages"}],"about":[{"href":"http:\/\/svengielukka.com\/elukkanet\/index.php?rest_route=\/wp\/v2\/types\/page"}],"author":[{"embeddable":true,"href":"http:\/\/svengielukka.com\/elukkanet\/index.php?rest_route=\/wp\/v2\/users\/1"}],"replies":[{"embeddable":true,"href":"http:\/\/svengielukka.com\/elukkanet\/index.php?rest_route=%2Fwp%2Fv2%2Fcomments&post=27"}],"version-history":[{"count":10,"href":"http:\/\/svengielukka.com\/elukkanet\/index.php?rest_route=\/wp\/v2\/pages\/27\/revisions"}],"predecessor-version":[{"id":95,"href":"http:\/\/svengielukka.com\/elukkanet\/index.php?rest_route=\/wp\/v2\/pages\/27\/revisions\/95"}],"wp:attachment":[{"href":"http:\/\/svengielukka.com\/elukkanet\/index.php?rest_route=%2Fwp%2Fv2%2Fmedia&parent=27"}],"curies":[{"name":"wp","href":"https:\/\/api.w.org\/{rel}","templated":true}]}}